{"id":2414,"date":"2026-03-19T14:26:17","date_gmt":"2026-03-19T13:26:17","guid":{"rendered":"https:\/\/www.flinthire.com\/impressum\/"},"modified":"2026-03-30T18:00:57","modified_gmt":"2026-03-30T16:00:57","slug":"impressum","status":"publish","type":"page","link":"https:\/\/www.flinthire.com\/bs\/impressum\/","title":{"rendered":"Impresum"},"content":{"rendered":"\t\t<div data-elementor-type=\"wp-page\" data-elementor-id=\"2414\" class=\"elementor elementor-2414 elementor-993\" data-elementor-post-type=\"page\">\n\t\t\t\t<div class=\"elementor-element elementor-element-368b9371 e-flex e-con-boxed e-con e-parent\" data-id=\"368b9371\" data-element_type=\"container\" data-e-type=\"container\" data-settings=\"{&quot;background_background&quot;:&quot;classic&quot;}\">\n\t\t\t\t\t<div class=\"e-con-inner\">\n\t\t\t\t<div class=\"elementor-element elementor-element-5285fa1 elementor-widget elementor-widget-global elementor-global-2378 elementor-global-2251 elementor-widget-text-editor\" data-id=\"5285fa1\" data-element_type=\"widget\" data-e-type=\"widget\" data-widget_type=\"text-editor.default\">\n\t\t\t\t\t\t\t\t\t<p class=\"p1\"><em>Ova web stranica sadr\u017ei djelimi\u010dno automatski ili ru\u010dno kreirane prijevode u informativne svrhe. Uprkos najve\u0107oj pa\u017enji, ne mo\u017eemo garantovati za ta\u010dnost, potpunost ili a\u017eurnost prevedenog sadr\u017eaja. <\/em><\/p><p class=\"p1\"><em>Mjerodavna i pravno obavezuju\u0107a je isklju\u010divo originalna verzija na njema\u010dkom jeziku. U slu\u010daju odstupanja, protivrje\u010dnosti ili pitanja tuma\u010denja izme\u0111u prevedene verzije i njema\u010dke verzije, njema\u010dka verzija uvijek ima prednost. <\/em><\/p><p class=\"p1\"><em>Ukoliko je pravno obavezuju\u0107e, na\u0161e ponude i usluge su u skladu sa relevantnim zakonskim odredbama na njema\u010dkom jeziku.<\/em><\/p>\t\t\t\t\t\t\t\t<\/div>\n\t\t\t\t<div class=\"elementor-element elementor-element-61d14c99 elementor-widget elementor-widget-text-editor\" data-id=\"61d14c99\" data-element_type=\"widget\" data-e-type=\"widget\" data-widget_type=\"text-editor.default\">\n\t\t\t\t\t\t\t\t\t<p>MEDIADUDES GmbH<br>Espasinger Str. 7<br>78333 Stockach<\/p>\n\n<p>Trgova\u010dki registar: HRB 721544<br>Registarski sud: Op\u0107inski sud Freiburg<\/p>\n\n<p><strong>Zastupaju:<\/strong><br>Gabriel Rode<br>Simon Mayerhofer<\/p>\n\n<h2>Kontakt<\/h2>\n<p>Telefon: +4977716340307<br>E-mail: impressum@flinthire.com<\/p>\n\n<h2>PDV ID<\/h2>\n<p>Identifikacijski broj za PDV u skladu s \u00a7 27 a Zakona o porezu na promet:<br>DE331045599<\/p>\n\n<h2>Podaci o osiguranju od profesionalne odgovornosti<\/h2>\n<p><strong>Naziv i sjedi\u0161te osiguravatelja:<\/strong><br>Markel Insurance SE<br>Podru\u017enica za Njema\u010dku<br>Sophienstr. 26, 80333 M\u00fcnchen <\/p>\n<p><strong>Teritorijalno va\u017eenje osiguranja:<\/strong><br>\u0161irom svijeta<\/p>\n\n<h2>Uredni\u010dki odgovoran<\/h2>\n<p>Gabriel Rode<br>Espasinger Str. 7<br>78333 Stockach<br><br>Simon Mayerhofer<br>Espasinger Str. 7<br>78333 Stockach<\/p>\n\n<h2>Rje\u0161avanje potro\u0161a\u010dkih sporova\/Univerzalno tijelo za mirenje<\/h2>\n<p>Nismo spremni niti obavezni u\u010destvovati u postupcima rje\u0161avanja sporova pred tijelom za mirenje potro\u0161a\u010da.<\/p>\n\n<h2>Centralna kontakt ta\u010dka prema Zakonu o digitalnim uslugama &#8211; DSA (Uredba (EU) 2022\/265)<\/h2>\n<p>Na\u0161u centralnu kontakt ta\u010dku za korisnike i nadle\u017ene organe prema \u010dl. 11 i 12 DSA mo\u017eete kontaktirati na sljede\u0107i na\u010din:<\/p>\n<p>E-mail: dsa@flinthire.com<br>Telefon: +4977716340307\n<\/p>\n<p>Jezici dostupni za kontakt su: njema\u010dki, engleski.<\/p>\t\t\t\t\t\t\t\t<\/div>\n\t\t\t\t\t<\/div>\n\t\t\t\t<\/div>\n\t\t\t\t<\/div>\n\t\t","protected":false},"excerpt":{"rendered":"<p>Diese Website enth\u00e4lt teilweise automatisiert oder manuell erstellte \u00dcbersetzungen zu Informationszwecken. Trotz gr\u00f6\u00dfter Sorgfalt k\u00f6nnen wir keine Gew\u00e4hr f\u00fcr die Richtigkeit, Vollst\u00e4ndigkeit oder Aktualit\u00e4t der \u00fcbersetzten Inhalte \u00fcbernehmen. Ma\u00dfgeblich und rechtlich verbindlich ist ausschlie\u00dflich die deutschsprachige Originalfassung. Im Falle von Abweichungen, Widerspr\u00fcchen oder Auslegungsfragen zwischen der \u00fcbersetzten Version und der deutschen Fassung hat die deutsche [&hellip;]<\/p>\n","protected":false},"author":3,"featured_media":0,"parent":0,"menu_order":0,"comment_status":"closed","ping_status":"closed","template":"","meta":{"footnotes":""},"class_list":["post-2414","page","type-page","status-publish","hentry"],"_links":{"self":[{"href":"https:\/\/www.flinthire.com\/bs\/wp-json\/wp\/v2\/pages\/2414","targetHints":{"allow":["GET"]}}],"collection":[{"href":"https:\/\/www.flinthire.com\/bs\/wp-json\/wp\/v2\/pages"}],"about":[{"href":"https:\/\/www.flinthire.com\/bs\/wp-json\/wp\/v2\/types\/page"}],"author":[{"embeddable":true,"href":"https:\/\/www.flinthire.com\/bs\/wp-json\/wp\/v2\/users\/3"}],"replies":[{"embeddable":true,"href":"https:\/\/www.flinthire.com\/bs\/wp-json\/wp\/v2\/comments?post=2414"}],"version-history":[{"count":1,"href":"https:\/\/www.flinthire.com\/bs\/wp-json\/wp\/v2\/pages\/2414\/revisions"}],"predecessor-version":[{"id":2415,"href":"https:\/\/www.flinthire.com\/bs\/wp-json\/wp\/v2\/pages\/2414\/revisions\/2415"}],"wp:attachment":[{"href":"https:\/\/www.flinthire.com\/bs\/wp-json\/wp\/v2\/media?parent=2414"}],"curies":[{"name":"wp","href":"https:\/\/api.w.org\/{rel}","templated":true}]}}