{"id":993,"date":"2026-03-19T14:26:17","date_gmt":"2026-03-19T13:26:17","guid":{"rendered":"https:\/\/www.flinthire.com\/?page_id=993"},"modified":"2026-03-30T14:51:13","modified_gmt":"2026-03-30T12:51:13","slug":"impressum","status":"publish","type":"page","link":"https:\/\/www.flinthire.com\/de\/impressum\/","title":{"rendered":"Impressum"},"content":{"rendered":"\t\t<div data-elementor-type=\"wp-page\" data-elementor-id=\"993\" class=\"elementor elementor-993\" data-elementor-post-type=\"page\">\n\t\t\t\t<div class=\"elementor-element elementor-element-368b9371 e-flex e-con-boxed e-con e-parent\" data-id=\"368b9371\" data-element_type=\"container\" data-e-type=\"container\" data-settings=\"{&quot;background_background&quot;:&quot;classic&quot;}\">\n\t\t\t\t\t<div class=\"e-con-inner\">\n\t\t\t\t<div class=\"elementor-element elementor-element-5285fa1 elementor-widget elementor-widget-global elementor-global-2251 elementor-widget-text-editor\" data-id=\"5285fa1\" data-element_type=\"widget\" data-e-type=\"widget\" data-widget_type=\"text-editor.default\">\n\t\t\t\t\t\t\t\t\t<p class=\"p1\"><em>Diese Website enth\u00e4lt teilweise automatisiert oder manuell erstellte \u00dcbersetzungen zu Informationszwecken. Trotz gr\u00f6\u00dfter Sorgfalt k\u00f6nnen wir keine Gew\u00e4hr f\u00fcr die Richtigkeit, Vollst\u00e4ndigkeit oder Aktualit\u00e4t der \u00fcbersetzten Inhalte \u00fcbernehmen.<\/em><\/p><p class=\"p1\"><em>Ma\u00dfgeblich und rechtlich verbindlich ist ausschlie\u00dflich die deutschsprachige Originalfassung. Im Falle von Abweichungen, Widerspr\u00fcchen oder Auslegungsfragen zwischen der \u00fcbersetzten Version und der deutschen Fassung hat die deutsche Version stets Vorrang.<\/em><\/p><p class=\"p1\"><em>Soweit rechtlich erforderlich, richten sich unsere Angebote und Leistungen nach den jeweils einschl\u00e4gigen gesetzlichen Bestimmungen in deutscher Sprache.<\/em><\/p>\t\t\t\t\t\t\t\t<\/div>\n\t\t\t\t<div class=\"elementor-element elementor-element-61d14c99 elementor-widget elementor-widget-text-editor\" data-id=\"61d14c99\" data-element_type=\"widget\" data-e-type=\"widget\" data-widget_type=\"text-editor.default\">\n\t\t\t\t\t\t\t\t\t<p>MEDIADUDES GmbH<br \/>\nEspasinger Str. 7<br \/>\n78333 Stockach<\/p>\n\n<p>Handelsregister: HRB 721544<br \/>\nRegistergericht: Amtsgericht Freiburg<\/p>\n\n<p><strong>Vertreten durch:<\/strong><br \/>\nGabriel Rode<br \/>\nSimon Mayerhofer<\/p>\n\n<h2>Kontakt<\/h2>\n<p>Telefon: +4977716340307<br \/>\nE-Mail: impressum@flinthire.com<\/p>\n\n<h2>Umsatzsteuer-ID<\/h2>\n<p>Umsatzsteuer-Identifikationsnummer gem&auml;&szlig; &sect; 27 a Umsatzsteuergesetz:<br \/>\nDE331045599<\/p>\n\n<h2>Angaben zur Berufs&shy;haftpflicht&shy;versicherung<\/h2>\n<p><strong>Name und Sitz des Versicherers:<\/strong><br \/>\nMarkel Insurance SE<br \/>\nNiederlassung f&uuml;r Deutschland<br \/>\nSophienstr. 26, 80333 M&uuml;nchen<\/p>\n<p><strong>Geltungsraum der Versicherung:<\/strong><br \/>weltweit<\/p>\n\n<h2>Redaktionell verantwortlich<\/h2>\n<p>Gabriel Rode<br \/>\nEspasinger Str. 7<br \/>\n78333 Stockach<br \/>\n<br \/>\nSimon Mayerhofer<br \/>\nEspasinger Str. 7<br \/>\n78333 Stockach<\/p>\n\n<h2>Verbraucher&shy;streit&shy;beilegung\/Universal&shy;schlichtungs&shy;stelle<\/h2>\n<p>Wir sind nicht bereit oder verpflichtet, an Streitbeilegungsverfahren vor einer Verbraucherschlichtungsstelle teilzunehmen.<\/p>\n\n<h2>Zentrale Kontaktstelle nach dem Digital Services Act &#8211; DSA (Verordnung (EU) 2022\/265)<\/h2>\n<p>Unsere zentrale Kontaktstelle f&uuml;r Nutzer und Beh&ouml;rden nach Art. 11, 12 DSA erreichen Sie wie folgt:<\/p>\n<p>E-Mail: dsa@flinthire.com<br \/>\nTelefon: +4977716340307\n<\/p>\n<p>Die f\u00fcr den Kontakt zur Verf&uuml;gung stehenden Sprachen sind: Deutsch, Englisch.<\/p>\t\t\t\t\t\t\t\t<\/div>\n\t\t\t\t\t<\/div>\n\t\t\t\t<\/div>\n\t\t\t\t<\/div>\n\t\t","protected":false},"excerpt":{"rendered":"<p>Diese Website enth\u00e4lt teilweise automatisiert oder manuell erstellte \u00dcbersetzungen zu Informationszwecken. Trotz gr\u00f6\u00dfter Sorgfalt k\u00f6nnen wir keine Gew\u00e4hr f\u00fcr die Richtigkeit, Vollst\u00e4ndigkeit oder Aktualit\u00e4t der \u00fcbersetzten Inhalte \u00fcbernehmen. Ma\u00dfgeblich und rechtlich verbindlich ist ausschlie\u00dflich die deutschsprachige Originalfassung. Im Falle von Abweichungen, Widerspr\u00fcchen oder Auslegungsfragen zwischen der \u00fcbersetzten Version und der deutschen Fassung hat die deutsche [&hellip;]<\/p>\n","protected":false},"author":3,"featured_media":0,"parent":0,"menu_order":0,"comment_status":"closed","ping_status":"closed","template":"","meta":{"footnotes":""},"class_list":["post-993","page","type-page","status-publish","hentry"],"_links":{"self":[{"href":"https:\/\/www.flinthire.com\/de\/wp-json\/wp\/v2\/pages\/993","targetHints":{"allow":["GET"]}}],"collection":[{"href":"https:\/\/www.flinthire.com\/de\/wp-json\/wp\/v2\/pages"}],"about":[{"href":"https:\/\/www.flinthire.com\/de\/wp-json\/wp\/v2\/types\/page"}],"author":[{"embeddable":true,"href":"https:\/\/www.flinthire.com\/de\/wp-json\/wp\/v2\/users\/3"}],"replies":[{"embeddable":true,"href":"https:\/\/www.flinthire.com\/de\/wp-json\/wp\/v2\/comments?post=993"}],"version-history":[{"count":32,"href":"https:\/\/www.flinthire.com\/de\/wp-json\/wp\/v2\/pages\/993\/revisions"}],"predecessor-version":[{"id":2282,"href":"https:\/\/www.flinthire.com\/de\/wp-json\/wp\/v2\/pages\/993\/revisions\/2282"}],"wp:attachment":[{"href":"https:\/\/www.flinthire.com\/de\/wp-json\/wp\/v2\/media?parent=993"}],"curies":[{"name":"wp","href":"https:\/\/api.w.org\/{rel}","templated":true}]}}