{"id":2430,"date":"2026-03-19T14:26:17","date_gmt":"2026-03-19T13:26:17","guid":{"rendered":"https:\/\/www.flinthire.com\/impressum\/"},"modified":"2026-03-30T18:01:43","modified_gmt":"2026-03-30T16:01:43","slug":"impressum","status":"publish","type":"page","link":"https:\/\/www.flinthire.com\/sr\/impressum\/","title":{"rendered":"Impresum"},"content":{"rendered":"\t\t<div data-elementor-type=\"wp-page\" data-elementor-id=\"2430\" class=\"elementor elementor-2430 elementor-993\" data-elementor-post-type=\"page\">\n\t\t\t\t<div class=\"elementor-element elementor-element-368b9371 e-flex e-con-boxed e-con e-parent\" data-id=\"368b9371\" data-element_type=\"container\" data-e-type=\"container\" data-settings=\"{&quot;background_background&quot;:&quot;classic&quot;}\">\n\t\t\t\t\t<div class=\"e-con-inner\">\n\t\t\t\t<div class=\"elementor-element elementor-element-5285fa1 elementor-widget elementor-widget-global elementor-global-2362 elementor-global-2251 elementor-widget-text-editor\" data-id=\"5285fa1\" data-element_type=\"widget\" data-e-type=\"widget\" data-widget_type=\"text-editor.default\">\n\t\t\t\t\t\t\t\t\t<p class=\"p1\"><em>Ova veb-stranica sadr\u017ei delimi\u010dno automatski ili ru\u010dno kreirane prevode u informativne svrhe. Uprkos najve\u0107oj pa\u017enji, ne mo\u017eemo preuzeti odgovornost za ta\u010dnost, potpunost ili a\u017eurnost prevedenog sadr\u017eaja. <\/em><\/p><p class=\"p1\"><em>Merodavna i pravno obavezuju\u0107a je isklju\u010divo originalna verzija na nema\u010dkom jeziku. U slu\u010daju odstupanja, protivre\u010dnosti ili pitanja tuma\u010denja izme\u0111u prevedene verzije i nema\u010dke verzije, nema\u010dka verzija uvek ima prednost. <\/em><\/p><p class=\"p1\"><em>Ukoliko je pravno neophodno, na\u0161e ponude i usluge se rukovode relevantnim zakonskim odredbama na nema\u010dkom jeziku.<\/em><\/p>\t\t\t\t\t\t\t\t<\/div>\n\t\t\t\t<div class=\"elementor-element elementor-element-61d14c99 elementor-widget elementor-widget-text-editor\" data-id=\"61d14c99\" data-element_type=\"widget\" data-e-type=\"widget\" data-widget_type=\"text-editor.default\">\n\t\t\t\t\t\t\t\t\t<p>MEDIADUDES GmbH<br>Espasinger ul. 7<br>78333 Stockach<\/p>\n\n<p>Trgova\u010dki registar: HRB 721544<br>Registarski sud: Op\u0161tinski sud Frajburg<\/p>\n\n<p><strong>Zastupaju:<\/strong><br>Gabriel Rode<br>Simon Mayerhofer<\/p>\n\n<h2>Kontakt<\/h2>\n<p>Telefon: +4977716340307<br>E-mail: impressum@flinthire.com<\/p>\n\n<h2>Identifikacioni broj za PDV<\/h2>\n<p>Identifikacioni broj za porez na promet u skladu sa \u00a7 27a Zakona o porezu na promet:<br>DE331045599<\/p>\n\n<h2>Informacije o osiguranju od profesionalne odgovornosti<\/h2>\n<p><strong>Naziv i sedi\u0161te osigurava\u010da:<\/strong><br>Markel Insurance SE<br>Filijala za Nema\u010dku<br>Sophienstr. 26, 80333 Minhen <\/p>\n<p><strong>Podru\u010dje va\u017eenja osiguranja:<\/strong><br>\u0161irom sveta<\/p>\n\n<h2>Uredni\u010dki odgovoran<\/h2>\n<p>Gabriel Rode<br>Espasinger ul. 7<br>78333 Stockach<br><br>Simon Mayerhofer<br>Espasinger ul. 7<br>78333 Stockach<\/p>\n\n<h2>Re\u0161avanje potro\u0161a\u010dkih sporova\/Univerzalno telo za mirenje<\/h2>\n<p>Nismo spremni niti obavezni da u\u010destvujemo u postupcima re\u0161avanja sporova pred telom za mirenje potro\u0161a\u010da.<\/p>\n\n<h2>Centralna kontakt ta\u010dka prema Zakonu o digitalnim uslugama \u2013 DSA (Uredba (EU) 2022\/265)<\/h2>\n<p>Na\u0161u centralnu kontakt ta\u010dku za korisnike i vlasti prema \u010dlanu 11, 12 DSA mo\u017eete dobiti na slede\u0107i na\u010din:<\/p>\n<p>E-mail: dsa@flinthire.com<br>Telefon: +4977716340307\n<\/p>\n<p>Jezici dostupni za kontakt su: nema\u010dki, engleski.<\/p>\t\t\t\t\t\t\t\t<\/div>\n\t\t\t\t\t<\/div>\n\t\t\t\t<\/div>\n\t\t\t\t<\/div>\n\t\t","protected":false},"excerpt":{"rendered":"<p>Diese Website enth\u00e4lt teilweise automatisiert oder manuell erstellte \u00dcbersetzungen zu Informationszwecken. Trotz gr\u00f6\u00dfter Sorgfalt k\u00f6nnen wir keine Gew\u00e4hr f\u00fcr die Richtigkeit, Vollst\u00e4ndigkeit oder Aktualit\u00e4t der \u00fcbersetzten Inhalte \u00fcbernehmen. Ma\u00dfgeblich und rechtlich verbindlich ist ausschlie\u00dflich die deutschsprachige Originalfassung. Im Falle von Abweichungen, Widerspr\u00fcchen oder Auslegungsfragen zwischen der \u00fcbersetzten Version und der deutschen Fassung hat die deutsche [&hellip;]<\/p>\n","protected":false},"author":3,"featured_media":0,"parent":0,"menu_order":0,"comment_status":"closed","ping_status":"closed","template":"","meta":{"footnotes":""},"class_list":["post-2430","page","type-page","status-publish","hentry"],"_links":{"self":[{"href":"https:\/\/www.flinthire.com\/sr\/wp-json\/wp\/v2\/pages\/2430","targetHints":{"allow":["GET"]}}],"collection":[{"href":"https:\/\/www.flinthire.com\/sr\/wp-json\/wp\/v2\/pages"}],"about":[{"href":"https:\/\/www.flinthire.com\/sr\/wp-json\/wp\/v2\/types\/page"}],"author":[{"embeddable":true,"href":"https:\/\/www.flinthire.com\/sr\/wp-json\/wp\/v2\/users\/3"}],"replies":[{"embeddable":true,"href":"https:\/\/www.flinthire.com\/sr\/wp-json\/wp\/v2\/comments?post=2430"}],"version-history":[{"count":1,"href":"https:\/\/www.flinthire.com\/sr\/wp-json\/wp\/v2\/pages\/2430\/revisions"}],"predecessor-version":[{"id":2431,"href":"https:\/\/www.flinthire.com\/sr\/wp-json\/wp\/v2\/pages\/2430\/revisions\/2431"}],"wp:attachment":[{"href":"https:\/\/www.flinthire.com\/sr\/wp-json\/wp\/v2\/media?parent=2430"}],"curies":[{"name":"wp","href":"https:\/\/api.w.org\/{rel}","templated":true}]}}