{"id":2420,"date":"2026-03-19T14:26:17","date_gmt":"2026-03-19T13:26:17","guid":{"rendered":"https:\/\/www.flinthire.com\/impressum\/"},"modified":"2026-03-30T18:01:43","modified_gmt":"2026-03-30T16:01:43","slug":"impressum","status":"publish","type":"page","link":"https:\/\/www.flinthire.com\/tr\/impressum\/","title":{"rendered":"K\u00fcnye"},"content":{"rendered":"\t\t<div data-elementor-type=\"wp-page\" data-elementor-id=\"2420\" class=\"elementor elementor-2420 elementor-993\" data-elementor-post-type=\"page\">\n\t\t\t\t<div class=\"elementor-element elementor-element-368b9371 e-flex e-con-boxed e-con e-parent\" data-id=\"368b9371\" data-element_type=\"container\" data-e-type=\"container\" data-settings=\"{&quot;background_background&quot;:&quot;classic&quot;}\">\n\t\t\t\t\t<div class=\"e-con-inner\">\n\t\t\t\t<div class=\"elementor-element elementor-element-5285fa1 elementor-widget elementor-widget-global elementor-global-2358 elementor-global-2251 elementor-widget-text-editor\" data-id=\"5285fa1\" data-element_type=\"widget\" data-e-type=\"widget\" data-widget_type=\"text-editor.default\">\n\t\t\t\t\t\t\t\t\t<p class=\"p1\"><em>Bu web sitesi, bilgilendirme ama\u00e7l\u0131 k\u0131smen otomatik veya manuel olarak olu\u015fturulmu\u015f \u00e7eviriler i\u00e7ermektedir. Azami \u00f6zen g\u00f6sterilmesine ra\u011fmen, \u00e7evrilen i\u00e7eri\u011fin do\u011frulu\u011fu, eksiksizli\u011fi veya g\u00fcncelli\u011fi konusunda garanti veremeyiz. <\/em><\/p><p class=\"p1\"><em>Yaln\u0131zca Almanca orijinal s\u00fcr\u00fcm ge\u00e7erli ve yasal olarak ba\u011flay\u0131c\u0131d\u0131r. \u00c7evrilen s\u00fcr\u00fcm ile Almanca s\u00fcr\u00fcm aras\u0131nda farkl\u0131l\u0131klar, \u00e7eli\u015fkiler veya yorumlama sorunlar\u0131 olmas\u0131 durumunda, Almanca s\u00fcr\u00fcm her zaman \u00f6nceliklidir. <\/em><\/p><p class=\"p1\"><em>Yasal olarak gerekli oldu\u011fu \u00f6l\u00e7\u00fcde, tekliflerimiz ve hizmetlerimiz ilgili Almanca yasal h\u00fck\u00fcmlere tabidir.<\/em><\/p>\t\t\t\t\t\t\t\t<\/div>\n\t\t\t\t<div class=\"elementor-element elementor-element-61d14c99 elementor-widget elementor-widget-text-editor\" data-id=\"61d14c99\" data-element_type=\"widget\" data-e-type=\"widget\" data-widget_type=\"text-editor.default\">\n\t\t\t\t\t\t\t\t\t<p>MEDIADUDES GmbH<br>Espasinger Str. 7<br>78333 Stockach<\/p>\n\n<p>Ticaret Sicili: HRB 721544<br>Sicil Mahkemesi: Freiburg Yerel Mahkemesi<\/p>\n\n<p><strong>Temsil eden:<\/strong><br>Gabriel Rode<br>Simon Mayerhofer<\/p>\n\n<h2>\u0130leti\u015fim<\/h2>\n<p>Telefon: +4977716340307<br>E-posta: impressum@flinthire.com<\/p>\n\n<h2>KDV Kimlik Numaras\u0131<\/h2>\n<p>Katma De\u011fer Vergisi Kanunu \u00a7 27 a uyar\u0131nca KDV kimlik numaras\u0131:<br>DE331045599<\/p>\n\n<h2>Mesleki Sorumluluk Sigortas\u0131 Bilgileri<\/h2>\n<p><strong>Sigortac\u0131n\u0131n ad\u0131 ve merkezi:<\/strong><br>Markel Insurance SE<br>Almanya \u015eubesi<br>Sophienstr. 26, 80333 M\u00fcnih <\/p>\n<p><strong>Sigorta kapsam\u0131:<\/strong><br>d\u00fcnya \u00e7ap\u0131nda<\/p>\n\n<h2>Yay\u0131ndan Sorumlu<\/h2>\n<p>Gabriel Rode<br>Espasinger Str. 7<br>78333 Stockach<br><br>Simon Mayerhofer<br>Espasinger Str. 7<br>78333 Stockach<\/p>\n\n<h2>T\u00fcketici Uyu\u015fmazl\u0131k \u00c7\u00f6z\u00fcm\u00fc\/Evrensel Uzla\u015ft\u0131rma Kurumu<\/h2>\n<p>Bir t\u00fcketici uzla\u015ft\u0131rma kurumu \u00f6n\u00fcnde uyu\u015fmazl\u0131k \u00e7\u00f6z\u00fcm s\u00fcre\u00e7lerine kat\u0131lmaya istekli veya y\u00fck\u00fcml\u00fc de\u011filiz.<\/p>\n\n<h2>Dijital Hizmetler Yasas\u0131 &#8211; DSA (T\u00fcz\u00fck (AB) 2022\/265) Uyar\u0131nca Merkezi \u0130leti\u015fim Noktas\u0131<\/h2>\n<p>Kullan\u0131c\u0131lar ve makamlar i\u00e7in DSA Madde 11, 12 uyar\u0131nca merkezi ileti\u015fim noktam\u0131za a\u015fa\u011f\u0131daki \u015fekilde ula\u015fabilirsiniz:<\/p>\n<p>E-posta: dsa@flinthire.com<br>Telefon: +4977716340307\n<\/p>\n<p>\u0130leti\u015fim i\u00e7in kullan\u0131labilir diller: Almanca, \u0130ngilizce.<\/p>\t\t\t\t\t\t\t\t<\/div>\n\t\t\t\t\t<\/div>\n\t\t\t\t<\/div>\n\t\t\t\t<\/div>\n\t\t","protected":false},"excerpt":{"rendered":"<p>Diese Website enth\u00e4lt teilweise automatisiert oder manuell erstellte \u00dcbersetzungen zu Informationszwecken. Trotz gr\u00f6\u00dfter Sorgfalt k\u00f6nnen wir keine Gew\u00e4hr f\u00fcr die Richtigkeit, Vollst\u00e4ndigkeit oder Aktualit\u00e4t der \u00fcbersetzten Inhalte \u00fcbernehmen. Ma\u00dfgeblich und rechtlich verbindlich ist ausschlie\u00dflich die deutschsprachige Originalfassung. Im Falle von Abweichungen, Widerspr\u00fcchen oder Auslegungsfragen zwischen der \u00fcbersetzten Version und der deutschen Fassung hat die deutsche [&hellip;]<\/p>\n","protected":false},"author":3,"featured_media":0,"parent":0,"menu_order":0,"comment_status":"closed","ping_status":"closed","template":"","meta":{"footnotes":""},"class_list":["post-2420","page","type-page","status-publish","hentry"],"_links":{"self":[{"href":"https:\/\/www.flinthire.com\/tr\/wp-json\/wp\/v2\/pages\/2420","targetHints":{"allow":["GET"]}}],"collection":[{"href":"https:\/\/www.flinthire.com\/tr\/wp-json\/wp\/v2\/pages"}],"about":[{"href":"https:\/\/www.flinthire.com\/tr\/wp-json\/wp\/v2\/types\/page"}],"author":[{"embeddable":true,"href":"https:\/\/www.flinthire.com\/tr\/wp-json\/wp\/v2\/users\/3"}],"replies":[{"embeddable":true,"href":"https:\/\/www.flinthire.com\/tr\/wp-json\/wp\/v2\/comments?post=2420"}],"version-history":[{"count":1,"href":"https:\/\/www.flinthire.com\/tr\/wp-json\/wp\/v2\/pages\/2420\/revisions"}],"predecessor-version":[{"id":2427,"href":"https:\/\/www.flinthire.com\/tr\/wp-json\/wp\/v2\/pages\/2420\/revisions\/2427"}],"wp:attachment":[{"href":"https:\/\/www.flinthire.com\/tr\/wp-json\/wp\/v2\/media?parent=2420"}],"curies":[{"name":"wp","href":"https:\/\/api.w.org\/{rel}","templated":true}]}}